{"id":300,"date":"2021-10-23T12:53:05","date_gmt":"2021-10-23T10:53:05","guid":{"rendered":"https:\/\/parnager-arts.at\/photo\/?page_id=300"},"modified":"2022-08-28T23:10:21","modified_gmt":"2022-08-28T21:10:21","slug":"impressum","status":"publish","type":"page","link":"https:\/\/parnager-arts.at\/photo\/impressum\/","title":{"rendered":"Impressum"},"content":{"rendered":"\n<p><strong>Webseitenbetreiber: <\/strong><br>Bernhard Grie\u00dfler&nbsp;<\/p>\n\n\n\n<p><strong>Adresse:<\/strong> <br>Karl Pfeffer-Gasse 12, <br>3100 St. P\u00f6lten<\/p>\n\n\n\n<p><strong>Kontakt:<\/strong><br>Tel.: +43 (0) 676 \/ 9582262<a href=\"tel:+436605507917\"><br><\/a>E-Mail:\u00a0website@parnager-arts.at<\/p>\n\n\n\n<p><strong>Grundlegende Richtung\/Zweck der Website:<\/strong><br>Bekanntmachung der Erfahrung, Pr\u00e4sentation von Bildern, Bekanntmachung der Person.<\/p>\n\n\n\n<p><strong>Urheberrecht:<\/strong>&nbsp;<br>Alle Inhalte wie Fotos und Text wurden von Bernhard Grie\u00dfler aufgenommen\/erstellt. Sie unterliegen dem Urheberrecht und jegliche Nutzung Dritter ist ausdr\u00fccklich untersagt!<\/p>\n\n\n\n<p><strong>Um etwaigen Missverst\u00e4ndnissen vorzubeugen:<\/strong><br>Ich bin kein gewerblicher, sondern lediglich Hobbyfotograf. Ich nehme keine Auftr\u00e4ge an. Etwaige Anfragen der Art&nbsp;&#8222;Was w\u00fcrde es kosten, wenn Sie unsere Hochzeit, unsere Taufe fotografieren?&#8220;, &#8222;Wie viel verlangen Sie f\u00fcr Portraits?&#8220; machen also wenig Sinn. Ich mache Shootings und Projekte im erweiterten privaten Rahmen ohne Gewinninteresse und maximal je nach Typ des Shootings gegen \u00dcbernahme der jeweiligen Auslagen. <br>Au\u00dferdem verkaufe ich auch keines meiner Fotos.<a href=\"mailto:photograph@schoberarts.at\"><\/a><\/p>\n","protected":false},"excerpt":{"rendered":"<p>Webseitenbetreiber: Bernhard Grie\u00dfler&nbsp; Adresse: Karl Pfeffer-Gasse 12, 3100 St. P\u00f6lten Kontakt:Tel.: +43 (0) 676 \/ 9582262E-Mail:\u00a0website@parnager-arts.at Grundlegende Richtung\/Zweck der Website:Bekanntmachung der Erfahrung, Pr\u00e4sentation von Bildern, Bekanntmachung der Person. Urheberrecht:&nbsp;Alle Inhalte wie Fotos und Text wurden von Bernhard Grie\u00dfler aufgenommen\/erstellt. Sie unterliegen dem Urheberrecht und jegliche Nutzung Dritter ist ausdr\u00fccklich untersagt! Um etwaigen Missverst\u00e4ndnissen vorzubeugen:Ich bin kein gewerblicher, sondern lediglich Hobbyfotograf. Ich nehme keine Auftr\u00e4ge an. Etwaige Anfragen der Art&nbsp;&#8222;Was w\u00fcrde es kosten, wenn Sie unsere Hochzeit, unsere Taufe fotografieren?&#8220;, &#8222;Wie viel verlangen Sie f\u00fcr Portraits?&#8220; machen also wenig Sinn. Ich mache Shootings und Projekte im erweiterten privaten Rahmen ohne Gewinninteresse und maximal je nach Typ des Shootings gegen \u00dcbernahme der jeweiligen Auslagen. Au\u00dferdem verkaufe ich auch keines meiner Fotos.<\/p>\n","protected":false},"author":1,"featured_media":0,"parent":0,"menu_order":0,"comment_status":"closed","ping_status":"closed","template":"","meta":{"footnotes":""},"class_list":["post-300","page","type-page","status-publish","hentry"],"_links":{"self":[{"href":"https:\/\/parnager-arts.at\/photo\/wp-json\/wp\/v2\/pages\/300","targetHints":{"allow":["GET"]}}],"collection":[{"href":"https:\/\/parnager-arts.at\/photo\/wp-json\/wp\/v2\/pages"}],"about":[{"href":"https:\/\/parnager-arts.at\/photo\/wp-json\/wp\/v2\/types\/page"}],"author":[{"embeddable":true,"href":"https:\/\/parnager-arts.at\/photo\/wp-json\/wp\/v2\/users\/1"}],"replies":[{"embeddable":true,"href":"https:\/\/parnager-arts.at\/photo\/wp-json\/wp\/v2\/comments?post=300"}],"version-history":[{"count":3,"href":"https:\/\/parnager-arts.at\/photo\/wp-json\/wp\/v2\/pages\/300\/revisions"}],"predecessor-version":[{"id":398,"href":"https:\/\/parnager-arts.at\/photo\/wp-json\/wp\/v2\/pages\/300\/revisions\/398"}],"wp:attachment":[{"href":"https:\/\/parnager-arts.at\/photo\/wp-json\/wp\/v2\/media?parent=300"}],"curies":[{"name":"wp","href":"https:\/\/api.w.org\/{rel}","templated":true}]}}