{"id":2,"date":"2021-10-12T20:53:39","date_gmt":"2021-10-12T18:53:39","guid":{"rendered":"http:\/\/parnager-arts.at\/photo\/?page_id=2"},"modified":"2021-11-07T17:35:49","modified_gmt":"2021-11-07T16:35:49","slug":"mitmachen","status":"publish","type":"page","link":"https:\/\/parnager-arts.at\/photo\/mitmachen\/","title":{"rendered":"Mach mit!"},"content":{"rendered":"\n<div class=\"wp-block-columns is-layout-flex wp-container-core-columns-is-layout-9d6595d7 wp-block-columns-is-layout-flex\">\n<div class=\"wp-block-column is-layout-flow wp-block-column-is-layout-flow\" style=\"flex-basis:66.66%\">\n<p>Ich freue mich immer \u00fcber motivierte Models. Sei es, f\u00fcr meine Projekte, oder auch rein zur \u00dcbung. <\/p>\n\n\n\n<p>Mein Hauptgebiet ist \u2013 neben meinen diversen Projeten \u2013 Aktfotografie. Weil ich pers\u00f6nlich das ganz einfach am spannendsten finde. <\/p>\n\n\n\n<p>Ich hatte immer schon eine gro\u00dfe Faszination f\u00fcr Hautstrukturen und Spiele mit Licht und Schatten. F\u00fcr mich macht ein Bild dabei immer viel mehr das aus, was man nicht sieht, als das, was man sieht. <\/p>\n\n\n\n<blockquote class=\"wp-block-quote is-style-default is-layout-flow wp-block-quote-is-layout-flow\"><p>Die Blende einer Kamera und die Pupille sind nicht dazu da, Informationen hereinzulassen, sondern dazu, welche auszublenden.<\/p><cite><em><em><em>K. C. Cole<\/em><\/em><\/em><\/cite><\/blockquote>\n\n\n\n<div class=\"wp-block-group\"><div class=\"wp-block-group__inner-container is-layout-flow wp-block-group-is-layout-flow\"><\/div><\/div>\n\n\n\n<p><\/p>\n\n\n\n<p><br><\/p>\n\n\n\n<p>Ich habe aber auch immer wieder spannende Projekte am Start. Von den bunten <a href=\"https:\/\/parnager-arts.at\/photo\/wasserkleider\/\" data-type=\"post\" data-id=\"154\">Wasserkleidern<\/a> \u00fcber <a href=\"https:\/\/parnager-arts.at\/photo\/uv-galaxie\/\" data-type=\"post\" data-id=\"111\">Bodypainting mit<\/a>\/<a href=\"https:\/\/parnager-arts.at\/photo\/imtimteileverzieren\/\" data-type=\"post\" data-id=\"156\">ohne UV-Farben<\/a> oder <a href=\"https:\/\/parnager-arts.at\/photo\/nip-gloss\/\" data-type=\"post\" data-id=\"69\">extremen Nahaufnahmen<\/a> bis hin zu <a href=\"https:\/\/parnager-arts.at\/photo\/blitzgeschichten\/\" data-type=\"post\" data-id=\"106\">Langzeitbelichtungen<\/a> versuche ich alle paar Jahre etwas zu kreieren, was \u2013 mit mehr oder weniger k\u00fcnstlerischem Anspruch \u2013 neue Perspektiven vermittelt, oder zumindest Spa\u00df macht.<\/p>\n\n\n\n<blockquote class=\"wp-block-quote is-style-default is-layout-flow wp-block-quote-is-layout-flow\"><p>Es gibt Bilder, die misslingen. Aber ich mache Fotos nicht, um sie in die Schublade zu tun. Sie sollen gesehen werden. Ob man sie liebt oder nicht, ist mir vollkommen egal.<\/p><cite><em>Helmut Newton<\/em><\/cite><\/blockquote>\n\n\n\n<p><\/p>\n\n\n\n<p><br><\/p>\n\n\n\n<p>Wenn du Interesse hast, dich in ungezwungener Atmosph\u00e4re, und vor allem ohne Druck auf diese Welt einzulassen, oder wenn du eine Idee f\u00fcr ein Projekt hast, das du gerne umsetzen w\u00fcrdest, komm gerne auf mich zu und lass es uns gemeinsam angehen \ud83d\ude42 Denn&#8230;<\/p>\n\n\n\n<blockquote class=\"wp-block-quote is-style-default is-layout-flow wp-block-quote-is-layout-flow\"><p>Es gibt nur eine Regel in der Fotografie: Entwickle niemals einen Film in H\u00fchnchensuppe.<\/p><cite><em>Freeman Patterson<\/em><\/cite><\/blockquote>\n\n\n\n<p><br><br><\/p>\n\n\n\n<h3 class=\"wp-block-heading\">Also los&#8230; <\/h3>\n\n\n\n<p>Meld dich bei mir und lass uns gemeinsam Gro\u00dfartiges erschaffen \ud83d\ude09<\/p>\n\n\n\n<div class=\"wpforms-container wpforms-container-full\" id=\"wpforms-353\"><form id=\"wpforms-form-353\" class=\"wpforms-validate wpforms-form wpforms-ajax-form\" data-formid=\"353\" method=\"post\" enctype=\"multipart\/form-data\" action=\"\/photo\/wp-json\/wp\/v2\/pages\/2\" data-token=\"07409276226b9f802407c551d79cc1a6\"><noscript class=\"wpforms-error-noscript\">Bitte aktiviere JavaScript in deinem Browser, um dieses Formular fertigzustellen.<\/noscript><div class=\"wpforms-field-container\"><div id=\"wpforms-353-field_0-container\" class=\"wpforms-field wpforms-field-name\" data-field-id=\"0\"><label class=\"wpforms-field-label\" for=\"wpforms-353-field_0\">Name <span class=\"wpforms-required-label\">*<\/span><\/label><div class=\"wpforms-field-row wpforms-field-large\"><div class=\"wpforms-field-row-block wpforms-first wpforms-one-half\"><input type=\"text\" id=\"wpforms-353-field_0\" class=\"wpforms-field-name-first wpforms-field-required\" name=\"wpforms[fields][0][first]\" required><label for=\"wpforms-353-field_0\" class=\"wpforms-field-sublabel after \">Vorname<\/label><\/div><div class=\"wpforms-field-row-block wpforms-one-half\"><input type=\"text\" id=\"wpforms-353-field_0-last\" class=\"wpforms-field-name-last wpforms-field-required\" name=\"wpforms[fields][0][last]\" required><label for=\"wpforms-353-field_0-last\" class=\"wpforms-field-sublabel after \">Nachname<\/label><\/div><\/div><\/div><div id=\"wpforms-353-field_1-container\" class=\"wpforms-field wpforms-field-email\" data-field-id=\"1\"><label class=\"wpforms-field-label\" for=\"wpforms-353-field_1\">E-Mail <span class=\"wpforms-required-label\">*<\/span><\/label><input type=\"email\" id=\"wpforms-353-field_1\" class=\"wpforms-field-large wpforms-field-required\" name=\"wpforms[fields][1]\" spellcheck=\"false\" required><\/div><div id=\"wpforms-353-field_2-container\" class=\"wpforms-field wpforms-field-textarea\" data-field-id=\"2\"><label class=\"wpforms-field-label\" for=\"wpforms-353-field_2\"> Nachricht <span class=\"wpforms-required-label\">*<\/span><\/label><textarea id=\"wpforms-353-field_2\" class=\"wpforms-field-large wpforms-field-required\" name=\"wpforms[fields][2]\" required><\/textarea><\/div><div id=\"wpforms-353-field_4-container\" class=\"wpforms-field wpforms-field-gdpr-checkbox\" data-field-id=\"4\"><label class=\"wpforms-field-label\" for=\"wpforms-353-field_4\">DSGVO-Einverst\u00e4ndnis <span class=\"wpforms-required-label\">*<\/span><\/label><ul id=\"wpforms-353-field_4\" class=\"wpforms-field-required\"><li class=\"choice-1\"><input type=\"checkbox\" id=\"wpforms-353-field_4_1\" name=\"wpforms[fields][4][]\" value=\"Ich willige ein, dass diese Website meine \u00fcbermittelten Informationen speichert, sodass meine Anfrage beantwortet werden kann.\" required ><label class=\"wpforms-field-label-inline\" for=\"wpforms-353-field_4_1\">Ich willige ein, dass diese Website meine \u00fcbermittelten Informationen speichert, sodass meine Anfrage beantwortet werden kann.<\/label><\/li><\/ul><\/div><\/div><!-- .wpforms-field-container --><div class=\"wpforms-submit-container\" ><input type=\"hidden\" name=\"wpforms[id]\" value=\"353\"><input type=\"hidden\" name=\"wpforms[author]\" value=\"1\"><button type=\"submit\" name=\"wpforms[submit]\" id=\"wpforms-submit-353\" class=\"wpforms-submit\" data-alt-text=\"Sending...\" data-submit-text=\"Submit\" aria-live=\"assertive\" value=\"wpforms-submit\">Submit<\/button><img loading=\"lazy\" decoding=\"async\" src=\"https:\/\/parnager-arts.at\/photo\/wp-content\/plugins\/wpforms-lite\/assets\/images\/submit-spin.svg\" class=\"wpforms-submit-spinner\" style=\"display: none;\" width=\"26\" height=\"26\" alt=\"Wird geladen\"><\/div><\/form><\/div>  <!-- .wpforms-container -->\n<\/div>\n\n\n\n<div class=\"wp-block-column is-layout-flow wp-block-column-is-layout-flow\" style=\"flex-basis:33.33%\">\n<figure class=\"wp-block-gallery columns-1 is-cropped wp-block-gallery-1 is-layout-flex wp-block-gallery-is-layout-flex\"><ul class=\"blocks-gallery-grid\"><li class=\"blocks-gallery-item\"><figure><img loading=\"lazy\" decoding=\"async\" width=\"800\" height=\"800\" src=\"https:\/\/parnager-arts.at\/photo\/wp-content\/uploads\/2021\/10\/makingof_2.jpg\" alt=\"\" data-id=\"278\" data-full-url=\"https:\/\/parnager-arts.at\/photo\/wp-content\/uploads\/2021\/10\/makingof_2.jpg\" data-link=\"https:\/\/parnager-arts.at\/photo\/mitmachen\/makingof_2\/\" class=\"wp-image-278\" srcset=\"https:\/\/parnager-arts.at\/photo\/wp-content\/uploads\/2021\/10\/makingof_2.jpg 800w, https:\/\/parnager-arts.at\/photo\/wp-content\/uploads\/2021\/10\/makingof_2-300x300.jpg 300w, https:\/\/parnager-arts.at\/photo\/wp-content\/uploads\/2021\/10\/makingof_2-150x150.jpg 150w, https:\/\/parnager-arts.at\/photo\/wp-content\/uploads\/2021\/10\/makingof_2-768x768.jpg 768w, https:\/\/parnager-arts.at\/photo\/wp-content\/uploads\/2021\/10\/makingof_2-75x75.jpg 75w\" sizes=\"auto, (max-width: 800px) 100vw, 800px\" \/><\/figure><\/li><li class=\"blocks-gallery-item\"><figure><img loading=\"lazy\" decoding=\"async\" width=\"800\" height=\"800\" src=\"https:\/\/parnager-arts.at\/photo\/wp-content\/uploads\/2021\/10\/makingof_3.jpg\" alt=\"\" data-id=\"279\" data-full-url=\"https:\/\/parnager-arts.at\/photo\/wp-content\/uploads\/2021\/10\/makingof_3.jpg\" data-link=\"https:\/\/parnager-arts.at\/photo\/mitmachen\/makingof_3\/\" class=\"wp-image-279\" srcset=\"https:\/\/parnager-arts.at\/photo\/wp-content\/uploads\/2021\/10\/makingof_3.jpg 800w, https:\/\/parnager-arts.at\/photo\/wp-content\/uploads\/2021\/10\/makingof_3-300x300.jpg 300w, https:\/\/parnager-arts.at\/photo\/wp-content\/uploads\/2021\/10\/makingof_3-150x150.jpg 150w, https:\/\/parnager-arts.at\/photo\/wp-content\/uploads\/2021\/10\/makingof_3-768x768.jpg 768w, https:\/\/parnager-arts.at\/photo\/wp-content\/uploads\/2021\/10\/makingof_3-75x75.jpg 75w\" sizes=\"auto, (max-width: 800px) 100vw, 800px\" \/><\/figure><\/li><li class=\"blocks-gallery-item\"><figure><img loading=\"lazy\" decoding=\"async\" width=\"800\" height=\"800\" src=\"https:\/\/parnager-arts.at\/photo\/wp-content\/uploads\/2021\/10\/makingof_4.jpg\" alt=\"\" data-id=\"280\" data-full-url=\"https:\/\/parnager-arts.at\/photo\/wp-content\/uploads\/2021\/10\/makingof_4.jpg\" data-link=\"https:\/\/parnager-arts.at\/photo\/mitmachen\/makingof_4\/\" class=\"wp-image-280\" srcset=\"https:\/\/parnager-arts.at\/photo\/wp-content\/uploads\/2021\/10\/makingof_4.jpg 800w, https:\/\/parnager-arts.at\/photo\/wp-content\/uploads\/2021\/10\/makingof_4-300x300.jpg 300w, https:\/\/parnager-arts.at\/photo\/wp-content\/uploads\/2021\/10\/makingof_4-150x150.jpg 150w, https:\/\/parnager-arts.at\/photo\/wp-content\/uploads\/2021\/10\/makingof_4-768x768.jpg 768w, https:\/\/parnager-arts.at\/photo\/wp-content\/uploads\/2021\/10\/makingof_4-75x75.jpg 75w\" sizes=\"auto, (max-width: 800px) 100vw, 800px\" \/><\/figure><\/li><\/ul><\/figure>\n<\/div>\n<\/div>\n\n\n\n<p><\/p>\n","protected":false},"excerpt":{"rendered":"<p>Ich freue mich immer \u00fcber motivierte Models. Sei es, f\u00fcr meine Projekte, oder auch rein zur \u00dcbung. Mein Hauptgebiet ist \u2013 neben meinen diversen Projeten \u2013 Aktfotografie. Weil ich pers\u00f6nlich das ganz einfach am spannendsten finde. Ich hatte immer schon eine gro\u00dfe Faszination f\u00fcr Hautstrukturen und Spiele mit Licht und Schatten. F\u00fcr mich macht ein Bild dabei immer viel mehr das aus, was man nicht sieht, als das, was man sieht. Die Blende einer Kamera und die Pupille sind nicht dazu da, Informationen hereinzulassen, sondern dazu, welche auszublenden. K. C. Cole Ich habe aber auch immer wieder spannende Projekte am Start. Von den bunten Wasserkleidern \u00fcber Bodypainting mit\/ohne UV-Farben oder extremen Nahaufnahmen bis hin zu Langzeitbelichtungen versuche ich alle paar Jahre etwas zu kreieren, was \u2013 mit mehr oder weniger k\u00fcnstlerischem Anspruch \u2013 neue Perspektiven vermittelt, oder zumindest Spa\u00df macht. Es gibt Bilder, die misslingen. Aber ich mache Fotos nicht, um sie in die Schublade zu tun. Sie sollen gesehen werden. Ob man sie liebt oder nicht, ist mir vollkommen egal. Helmut Newton Wenn du Interesse hast, dich in ungezwungener Atmosph\u00e4re, und vor allem ohne Druck auf diese Welt einzulassen, oder wenn du eine Idee f\u00fcr ein Projekt hast, das du gerne umsetzen w\u00fcrdest, komm gerne auf mich zu und lass es uns gemeinsam angehen \ud83d\ude42 Denn&#8230; Es gibt nur eine Regel in der Fotografie: Entwickle niemals einen Film in H\u00fchnchensuppe. Freeman Patterson Also los&#8230; Meld dich bei mir und lass uns gemeinsam Gro\u00dfartiges erschaffen \ud83d\ude09<\/p>\n","protected":false},"author":1,"featured_media":0,"parent":0,"menu_order":0,"comment_status":"closed","ping_status":"open","template":"","meta":{"footnotes":""},"class_list":["post-2","page","type-page","status-publish","hentry"],"_links":{"self":[{"href":"https:\/\/parnager-arts.at\/photo\/wp-json\/wp\/v2\/pages\/2","targetHints":{"allow":["GET"]}}],"collection":[{"href":"https:\/\/parnager-arts.at\/photo\/wp-json\/wp\/v2\/pages"}],"about":[{"href":"https:\/\/parnager-arts.at\/photo\/wp-json\/wp\/v2\/types\/page"}],"author":[{"embeddable":true,"href":"https:\/\/parnager-arts.at\/photo\/wp-json\/wp\/v2\/users\/1"}],"replies":[{"embeddable":true,"href":"https:\/\/parnager-arts.at\/photo\/wp-json\/wp\/v2\/comments?post=2"}],"version-history":[{"count":10,"href":"https:\/\/parnager-arts.at\/photo\/wp-json\/wp\/v2\/pages\/2\/revisions"}],"predecessor-version":[{"id":365,"href":"https:\/\/parnager-arts.at\/photo\/wp-json\/wp\/v2\/pages\/2\/revisions\/365"}],"wp:attachment":[{"href":"https:\/\/parnager-arts.at\/photo\/wp-json\/wp\/v2\/media?parent=2"}],"curies":[{"name":"wp","href":"https:\/\/api.w.org\/{rel}","templated":true}]}}