{"id":193,"date":"2021-10-18T16:16:27","date_gmt":"2021-10-18T14:16:27","guid":{"rendered":"https:\/\/parnager-arts.at\/photo\/?page_id=193"},"modified":"2021-11-02T14:24:18","modified_gmt":"2021-11-02T13:24:18","slug":"herzlich-willkommen","status":"publish","type":"page","link":"https:\/\/parnager-arts.at\/photo\/","title":{"rendered":"Herzlich Willkommen!"},"content":{"rendered":"\n<p>Du hast es irgendwie geschafft, meine Website zu finden. Dazu m\u00f6chte ich dir herzlich gratulieren \ud83d\ude09<\/p>\n\n\n\n<p>Ich hinterlasse seit mittlerweile \u00fcber 10 Jahren als Hobbyfotograf meine Spuren in der Welt der Fotografie. Diese Website ist der Versuch, diese Spuren in einem halbwegs \u00fcbersichtlichen Portfolio zusammenzustellen. <\/p>\n\n\n\n<p>Ich arbeite in meiner Funktion als Fotograf in erster Linie mit menschlichen Models. Dabei ist es mir vor allem wichtig, dass beim Shooting eine angenehme, ungezwungene, freundschaftliche Atmosph\u00e4re herrscht. Da ich das alles nicht beruflich\/f\u00fcr Geld mache, ist es mir wichtig, dass das Ganze auch Spa\u00df macht \u2013 sowohl mir, als auch dem Model.<\/p>\n\n\n\n<p>Das bedeutet aber auch: Ich werde niemals auf irgendwelchen Events, Hochzeiten, oder was auch immer fotografieren, weil das genau das Gegenteil von dem ist, was mir an Fotografie Spa\u00df macht.<\/p>\n\n\n\n<p>Wenn ich dein Interesse wecken konnte, schau dich gern weiter um. <a href=\"https:\/\/parnager-arts.at\/photo\/bio\/\" data-type=\"page\" data-id=\"35\">Hier<\/a> erf\u00e4hrst du mehr \u00fcber mich, <a href=\"https:\/\/parnager-arts.at\/photo\/fotos\/\" data-type=\"page\" data-id=\"151\">hier<\/a> kannst du dir einen \u00dcberblick \u00fcber meine bisherigen Werke verschaffen. Wenn du Interesse an spezielleren Fotoprojekten hast, schau <a href=\"https:\/\/parnager-arts.at\/photo\/category\/projekte\/\" data-type=\"category\" data-id=\"1\">hier<\/a> rein \ud83d\ude09 Wenn du Lust hast, auch mal vor meine Linse zu kommen, bekommst du <a href=\"https:\/\/parnager-arts.at\/photo\/mitmachen\/\" data-type=\"page\" data-id=\"2\">hier<\/a> die n\u00f6tigen Infos.<\/p>\n\n\n\n<p> <\/p>\n","protected":false},"excerpt":{"rendered":"<p>Du hast es irgendwie geschafft, meine Website zu finden. Dazu m\u00f6chte ich dir herzlich gratulieren \ud83d\ude09 Ich hinterlasse seit mittlerweile \u00fcber 10 Jahren als Hobbyfotograf meine Spuren in der Welt der Fotografie. Diese Website ist der Versuch, diese Spuren in einem halbwegs \u00fcbersichtlichen Portfolio zusammenzustellen. Ich arbeite in meiner Funktion als Fotograf in erster Linie mit menschlichen Models. Dabei ist es mir vor allem wichtig, dass beim Shooting eine angenehme, ungezwungene, freundschaftliche Atmosph\u00e4re herrscht. Da ich das alles nicht beruflich\/f\u00fcr Geld mache, ist es mir wichtig, dass das Ganze auch Spa\u00df macht \u2013 sowohl mir, als auch dem Model. Das bedeutet aber auch: Ich werde niemals auf irgendwelchen Events, Hochzeiten, oder was auch immer fotografieren, weil das genau das Gegenteil von dem ist, was mir an Fotografie Spa\u00df macht. Wenn ich dein Interesse wecken konnte, schau dich gern weiter um. Hier erf\u00e4hrst du mehr \u00fcber mich, hier kannst du dir einen \u00dcberblick \u00fcber meine bisherigen Werke verschaffen. Wenn du Interesse an spezielleren Fotoprojekten hast, schau hier rein \ud83d\ude09 Wenn du Lust hast, auch mal vor meine Linse zu kommen, bekommst du hier die n\u00f6tigen Infos.<\/p>\n","protected":false},"author":1,"featured_media":0,"parent":0,"menu_order":0,"comment_status":"closed","ping_status":"closed","template":"","meta":{"footnotes":""},"class_list":["post-193","page","type-page","status-publish","hentry"],"_links":{"self":[{"href":"https:\/\/parnager-arts.at\/photo\/wp-json\/wp\/v2\/pages\/193","targetHints":{"allow":["GET"]}}],"collection":[{"href":"https:\/\/parnager-arts.at\/photo\/wp-json\/wp\/v2\/pages"}],"about":[{"href":"https:\/\/parnager-arts.at\/photo\/wp-json\/wp\/v2\/types\/page"}],"author":[{"embeddable":true,"href":"https:\/\/parnager-arts.at\/photo\/wp-json\/wp\/v2\/users\/1"}],"replies":[{"embeddable":true,"href":"https:\/\/parnager-arts.at\/photo\/wp-json\/wp\/v2\/comments?post=193"}],"version-history":[{"count":2,"href":"https:\/\/parnager-arts.at\/photo\/wp-json\/wp\/v2\/pages\/193\/revisions"}],"predecessor-version":[{"id":349,"href":"https:\/\/parnager-arts.at\/photo\/wp-json\/wp\/v2\/pages\/193\/revisions\/349"}],"wp:attachment":[{"href":"https:\/\/parnager-arts.at\/photo\/wp-json\/wp\/v2\/media?parent=193"}],"curies":[{"name":"wp","href":"https:\/\/api.w.org\/{rel}","templated":true}]}}